{"id":351,"date":"2021-05-03T10:37:28","date_gmt":"2021-05-03T10:37:28","guid":{"rendered":"http:\/\/onurosman.com\/?post_type=product&#038;p=351"},"modified":"2021-05-03T10:37:29","modified_gmt":"2021-05-03T10:37:29","slug":"c048-feminine-flow","status":"publish","type":"product","link":"https:\/\/onurosman.com\/index.php\/product\/c048-feminine-flow\/","title":{"rendered":"C048 FEMININE FLOW"},"content":{"rendered":"","protected":false},"excerpt":{"rendered":"<p>Rochie din tulle nude \u0219i vi\u0219iniu cu aplica\u021bii \u0219i perle de sticl\u0103. Produsul are \u00eenchidere pe spate cu fermoar \u0219i cupe. Se poate solicita jup\u0103 nude, inclus\u0103 \u00een pre\u021bul produsului.<\/p>\n<p>Produsele NSP sunt personalizate pentru clien\u021bii no\u0219tri, fiind realizate \u00een atelierele noastre dup\u0103 dimensiunile \u0219i deriva\u021biile cromatice solicitate de dvs.<\/p>\n<p>Ve\u021bi fi contactat telefonic \u00een cel mai scurt timp pentru a confirma comanda dvs. \u0219i pentru a ne comunica dimensiunile necesare realiz\u0103rii produsului comandat.<\/p>\n","protected":false},"featured_media":352,"template":"","meta":[],"class_list":["post-351","product","type-product","status-publish","has-post-thumbnail","hentry","product_cat-uncategorized"],"_links":{"self":[{"href":"https:\/\/onurosman.com\/index.php\/wp-json\/wp\/v2\/product\/351","targetHints":{"allow":["GET"]}}],"collection":[{"href":"https:\/\/onurosman.com\/index.php\/wp-json\/wp\/v2\/product"}],"about":[{"href":"https:\/\/onurosman.com\/index.php\/wp-json\/wp\/v2\/types\/product"}],"wp:featuredmedia":[{"embeddable":true,"href":"https:\/\/onurosman.com\/index.php\/wp-json\/wp\/v2\/media\/352"}],"wp:attachment":[{"href":"https:\/\/onurosman.com\/index.php\/wp-json\/wp\/v2\/media?parent=351"}],"curies":[{"name":"wp","href":"https:\/\/api.w.org\/{rel}","templated":true}]}}